{"id":8,"date":"2018-07-24T13:47:30","date_gmt":"2018-07-24T13:47:30","guid":{"rendered":"https:\/\/labiennoise.ch\/?page_id=8"},"modified":"2019-06-02T19:52:56","modified_gmt":"2019-06-02T19:52:56","slug":"accueil","status":"publish","type":"page","link":"https:\/\/labiennoise.ch\/","title":{"rendered":"Accueil"},"content":{"rendered":"<p>Voici en quelques mots l\u2019histoire du club de p\u00e9tanque \u00ab\u00a0La Biennoise\u00a0\u00bb&nbsp;:<\/p>\n<p>Au d\u00e9but, c\u2019est la \u00ab&nbsp;Soci\u00e9t\u00e9 Fran\u00e7aise&nbsp;\u00bb de Bienne qui avait ses terrains au chemin de la Scierie. Afin d\u2019\u00eatre accept\u00e9e au sein de l\u2019Association jurassienne de p\u00e9tanque le 22 janvier 1991, elle accepta la fondation d\u2019un club de p\u00e9tanque appel\u00e9 \u00e0 l\u2019\u00e9poque \u00ab&nbsp;P\u00e9tanque fran\u00e7aise&nbsp;\u00bb. En 1992, le club participa \u00e0 ses premiers concours au sein de l\u2019AJP.<\/p>\n<p>En 1995, le club a d\u00fb quitter ses terrains au chemin de la Scierie. C\u2019est \u00e0 la suite de cela que le club changea de nom et devint le club de p\u00e9tanque \u00ab&nbsp;La Biennoise&nbsp;\u00bb d\u00e8s 1996. Pendant 4 ans, les joueurs n\u2019avaient plus de terrain et jouaient soit sur la place de la Gurzelen, soit chez nos voisins le club Omega.<\/p>\n<p>Gr\u00e2ce \u00e0 M. Wellis Dotti, nous avons pu rencontrer le responsable de l\u2019entreprise Klein SA. La famille Schiess a eu la gentillesse de nous mettre \u00e0 disposition un petit bout de terrain. Ayant des hommes pleins de bonne volont\u00e9, c\u2019est en 2000 que Th\u00e9o, Raoul et Aldo d\u00e9butent les travaux d\u2019am\u00e9nagement. En 2001, les entra\u00eenements peuvent enfin commencer sur les terrains chez \u00ab&nbsp;Klein&nbsp;\u00bb.<\/p>\n<p>En 2012, l\u2019entreprise Klein entreprend des travaux d\u2019agrandissement. Nous avons alors d\u00fb tout d\u00e9monter. Pendant 3 ans, le club s\u2019est \u00e0 nouveau retrouv\u00e9 sans terrains. Mais gr\u00e2ce au club de p\u00e9tanque \u00ab&nbsp;La C\u00f4tate&nbsp;\u00bb, nos membres ont pu continuer \u00e0 s\u2019entra\u00eener et \u00e0 rester pr\u00e9sent dans le monde de la p\u00e9tanque.<\/p>\n<p>En avril 2016, nous avons repris possession de nos terrains, mais surtout d\u2019un super local qui nous permet \u00e0 nouveau d\u2019accueillir nos membres actifs et passifs.<\/p>\n<p>Nous remercions chaleureusement la famille Schiess, pour ce qu\u2019elle nous a construit et mis \u00e0 disposition, afin de continuer de pratiquer notre sport favori dans de magnifiques conditions.<\/p>\n","protected":false},"excerpt":{"rendered":"<p>Voici en quelques mots l\u2019histoire du club de p\u00e9tanque \u00ab\u00a0La Biennoise\u00a0\u00bb&nbsp;: Au d\u00e9but, c\u2019est la \u00ab&nbsp;Soci\u00e9t\u00e9 Fran\u00e7aise&nbsp;\u00bb de Bienne qui avait ses terrains au chemin de la Scierie. Afin d\u2019\u00eatre accept\u00e9e au sein de l\u2019Association jurassienne de p\u00e9tanque le 22 janvier 1991, elle accepta la fondation d\u2019un club de p\u00e9tanque [&hellip;]<\/p>\n","protected":false},"author":1,"featured_media":0,"parent":0,"menu_order":0,"comment_status":"closed","ping_status":"closed","template":"","meta":{"ngg_post_thumbnail":0},"_links":{"self":[{"href":"https:\/\/labiennoise.ch\/index.php?rest_route=\/wp\/v2\/pages\/8"}],"collection":[{"href":"https:\/\/labiennoise.ch\/index.php?rest_route=\/wp\/v2\/pages"}],"about":[{"href":"https:\/\/labiennoise.ch\/index.php?rest_route=\/wp\/v2\/types\/page"}],"author":[{"embeddable":true,"href":"https:\/\/labiennoise.ch\/index.php?rest_route=\/wp\/v2\/users\/1"}],"replies":[{"embeddable":true,"href":"https:\/\/labiennoise.ch\/index.php?rest_route=%2Fwp%2Fv2%2Fcomments&post=8"}],"version-history":[{"count":7,"href":"https:\/\/labiennoise.ch\/index.php?rest_route=\/wp\/v2\/pages\/8\/revisions"}],"predecessor-version":[{"id":288,"href":"https:\/\/labiennoise.ch\/index.php?rest_route=\/wp\/v2\/pages\/8\/revisions\/288"}],"wp:attachment":[{"href":"https:\/\/labiennoise.ch\/index.php?rest_route=%2Fwp%2Fv2%2Fmedia&parent=8"}],"curies":[{"name":"wp","href":"https:\/\/api.w.org\/{rel}","templated":true}]}}